{"id":26,"date":"2024-08-10T19:20:13","date_gmt":"2024-08-10T17:20:13","guid":{"rendered":"http:\/\/localhost\/wordpress\/?page_id=26"},"modified":"2024-08-11T16:49:34","modified_gmt":"2024-08-11T14:49:34","slug":"mes-creations","status":"publish","type":"page","link":"https:\/\/kant1photos.fr\/index.php\/mes-creations\/","title":{"rendered":"Mes cr\u00e9ations"},"content":{"rendered":"\n<p>Vous trouverez ici, un p\u00e8le-m\u00eale de mes clich\u00e9s. <\/p>\n\n\n\n<h2 class=\"wp-block-heading\">@mt_flo59 et sa MT09 SP<\/h2>\n\n\n\n<figure class=\"wp-block-gallery has-nested-images columns-default is-cropped wp-block-gallery-1 is-layout-flex wp-block-gallery-is-layout-flex\">\n<figure class=\"wp-block-image size-large\"><img fetchpriority=\"high\" decoding=\"async\" width=\"1024\" height=\"681\" data-id=\"101\" src=\"https:\/\/kant1photos.fr\/wp-content\/uploads\/2024\/08\/DSC3037-1536x1022-1-1024x681.jpg\" alt=\"\" class=\"wp-image-101\" srcset=\"https:\/\/kant1photos.fr\/wp-content\/uploads\/2024\/08\/DSC3037-1536x1022-1-1024x681.jpg 1024w, https:\/\/kant1photos.fr\/wp-content\/uploads\/2024\/08\/DSC3037-1536x1022-1-300x200.jpg 300w, https:\/\/kant1photos.fr\/wp-content\/uploads\/2024\/08\/DSC3037-1536x1022-1-768x511.jpg 768w, https:\/\/kant1photos.fr\/wp-content\/uploads\/2024\/08\/DSC3037-1536x1022-1.jpg 1536w\" sizes=\"(max-width: 1024px) 100vw, 1024px\" \/><\/figure>\n\n\n\n<figure class=\"wp-block-image size-large\"><img decoding=\"async\" width=\"1024\" height=\"681\" data-id=\"86\" src=\"https:\/\/kant1photos.fr\/wp-content\/uploads\/2024\/08\/DSC2766-1-1024x681.jpg\" alt=\"\" class=\"wp-image-86\" srcset=\"https:\/\/kant1photos.fr\/wp-content\/uploads\/2024\/08\/DSC2766-1-1024x681.jpg 1024w, https:\/\/kant1photos.fr\/wp-content\/uploads\/2024\/08\/DSC2766-1-300x200.jpg 300w, https:\/\/kant1photos.fr\/wp-content\/uploads\/2024\/08\/DSC2766-1-768x511.jpg 768w, https:\/\/kant1photos.fr\/wp-content\/uploads\/2024\/08\/DSC2766-1-1536x1022.jpg 1536w, https:\/\/kant1photos.fr\/wp-content\/uploads\/2024\/08\/DSC2766-1-2048x1363.jpg 2048w\" sizes=\"(max-width: 1024px) 100vw, 1024px\" \/><\/figure>\n\n\n\n<figure class=\"wp-block-image size-large\"><img decoding=\"async\" width=\"681\" height=\"1024\" data-id=\"82\" src=\"https:\/\/kant1photos.fr\/wp-content\/uploads\/2024\/08\/DSC2739-1-681x1024.jpg\" alt=\"\" class=\"wp-image-82\" srcset=\"https:\/\/kant1photos.fr\/wp-content\/uploads\/2024\/08\/DSC2739-1-681x1024.jpg 681w, https:\/\/kant1photos.fr\/wp-content\/uploads\/2024\/08\/DSC2739-1-200x300.jpg 200w, https:\/\/kant1photos.fr\/wp-content\/uploads\/2024\/08\/DSC2739-1-768x1154.jpg 768w, https:\/\/kant1photos.fr\/wp-content\/uploads\/2024\/08\/DSC2739-1-1022x1536.jpg 1022w, https:\/\/kant1photos.fr\/wp-content\/uploads\/2024\/08\/DSC2739-1-1363x2048.jpg 1363w, https:\/\/kant1photos.fr\/wp-content\/uploads\/2024\/08\/DSC2739-1-scaled.jpg 1703w\" sizes=\"(max-width: 681px) 100vw, 681px\" \/><\/figure>\n\n\n\n<figure class=\"wp-block-image size-large\"><img loading=\"lazy\" decoding=\"async\" width=\"1024\" height=\"681\" data-id=\"89\" src=\"https:\/\/kant1photos.fr\/wp-content\/uploads\/2024\/08\/DSC2831-1-1024x681.jpg\" alt=\"\" class=\"wp-image-89\" srcset=\"https:\/\/kant1photos.fr\/wp-content\/uploads\/2024\/08\/DSC2831-1-1024x681.jpg 1024w, https:\/\/kant1photos.fr\/wp-content\/uploads\/2024\/08\/DSC2831-1-300x200.jpg 300w, https:\/\/kant1photos.fr\/wp-content\/uploads\/2024\/08\/DSC2831-1-768x511.jpg 768w, https:\/\/kant1photos.fr\/wp-content\/uploads\/2024\/08\/DSC2831-1-1536x1022.jpg 1536w, https:\/\/kant1photos.fr\/wp-content\/uploads\/2024\/08\/DSC2831-1-2048x1363.jpg 2048w\" sizes=\"(max-width: 1024px) 100vw, 1024px\" \/><\/figure>\n<\/figure>\n\n\n\n<h2 class=\"wp-block-heading\">@miss_skybike et sa R7 2024<\/h2>\n\n\n\n<figure class=\"wp-block-gallery has-nested-images columns-2 is-cropped wp-block-gallery-2 is-layout-flex wp-block-gallery-is-layout-flex\">\n<figure class=\"wp-block-image size-large\"><img loading=\"lazy\" decoding=\"async\" width=\"681\" height=\"1024\" data-id=\"78\" src=\"https:\/\/kant1photos.fr\/wp-content\/uploads\/2024\/08\/DSC4988-scaled-1-681x1024.jpg\" alt=\"\" class=\"wp-image-78\" srcset=\"https:\/\/kant1photos.fr\/wp-content\/uploads\/2024\/08\/DSC4988-scaled-1-681x1024.jpg 681w, https:\/\/kant1photos.fr\/wp-content\/uploads\/2024\/08\/DSC4988-scaled-1-200x300.jpg 200w, https:\/\/kant1photos.fr\/wp-content\/uploads\/2024\/08\/DSC4988-scaled-1-768x1154.jpg 768w, https:\/\/kant1photos.fr\/wp-content\/uploads\/2024\/08\/DSC4988-scaled-1-1022x1536.jpg 1022w, https:\/\/kant1photos.fr\/wp-content\/uploads\/2024\/08\/DSC4988-scaled-1-1362x2048.jpg 1362w, https:\/\/kant1photos.fr\/wp-content\/uploads\/2024\/08\/DSC4988-scaled-1.jpg 1703w\" sizes=\"(max-width: 681px) 100vw, 681px\" \/><\/figure>\n\n\n\n<figure class=\"wp-block-image size-large\"><img loading=\"lazy\" decoding=\"async\" width=\"1024\" height=\"681\" data-id=\"87\" src=\"https:\/\/kant1photos.fr\/wp-content\/uploads\/2024\/08\/DSC4890-1-1024x681.jpg\" alt=\"\" class=\"wp-image-87\" srcset=\"https:\/\/kant1photos.fr\/wp-content\/uploads\/2024\/08\/DSC4890-1-1024x681.jpg 1024w, https:\/\/kant1photos.fr\/wp-content\/uploads\/2024\/08\/DSC4890-1-300x200.jpg 300w, https:\/\/kant1photos.fr\/wp-content\/uploads\/2024\/08\/DSC4890-1-768x511.jpg 768w, https:\/\/kant1photos.fr\/wp-content\/uploads\/2024\/08\/DSC4890-1-1536x1022.jpg 1536w, https:\/\/kant1photos.fr\/wp-content\/uploads\/2024\/08\/DSC4890-1-2048x1363.jpg 2048w\" sizes=\"(max-width: 1024px) 100vw, 1024px\" \/><\/figure>\n\n\n\n<figure class=\"wp-block-image size-large\"><img loading=\"lazy\" decoding=\"async\" width=\"1024\" height=\"683\" data-id=\"94\" src=\"https:\/\/kant1photos.fr\/wp-content\/uploads\/2024\/08\/DSC4255-1-1024x683.jpg\" alt=\"\" class=\"wp-image-94\" srcset=\"https:\/\/kant1photos.fr\/wp-content\/uploads\/2024\/08\/DSC4255-1-1024x683.jpg 1024w, https:\/\/kant1photos.fr\/wp-content\/uploads\/2024\/08\/DSC4255-1-300x200.jpg 300w, https:\/\/kant1photos.fr\/wp-content\/uploads\/2024\/08\/DSC4255-1-768x512.jpg 768w, https:\/\/kant1photos.fr\/wp-content\/uploads\/2024\/08\/DSC4255-1-1536x1024.jpg 1536w, https:\/\/kant1photos.fr\/wp-content\/uploads\/2024\/08\/DSC4255-1-2048x1365.jpg 2048w\" sizes=\"(max-width: 1024px) 100vw, 1024px\" \/><\/figure>\n\n\n\n<figure class=\"wp-block-image size-large\"><img loading=\"lazy\" decoding=\"async\" width=\"1024\" height=\"681\" data-id=\"88\" src=\"https:\/\/kant1photos.fr\/wp-content\/uploads\/2024\/08\/DSC4802-1-1024x681.jpg\" alt=\"\" class=\"wp-image-88\" srcset=\"https:\/\/kant1photos.fr\/wp-content\/uploads\/2024\/08\/DSC4802-1-1024x681.jpg 1024w, https:\/\/kant1photos.fr\/wp-content\/uploads\/2024\/08\/DSC4802-1-300x200.jpg 300w, https:\/\/kant1photos.fr\/wp-content\/uploads\/2024\/08\/DSC4802-1-768x511.jpg 768w, https:\/\/kant1photos.fr\/wp-content\/uploads\/2024\/08\/DSC4802-1-1536x1022.jpg 1536w, https:\/\/kant1photos.fr\/wp-content\/uploads\/2024\/08\/DSC4802-1-2048x1363.jpg 2048w\" sizes=\"(max-width: 1024px) 100vw, 1024px\" \/><\/figure>\n<\/figure>\n\n\n\n<h2 class=\"wp-block-heading\">@noe_428d le d\u00e9but d&rsquo;une histoire<\/h2>\n\n\n\n<figure class=\"wp-block-gallery has-nested-images columns-default is-cropped wp-block-gallery-3 is-layout-flex wp-block-gallery-is-layout-flex\">\n<figure class=\"wp-block-image size-large\"><img loading=\"lazy\" decoding=\"async\" width=\"684\" height=\"1024\" data-id=\"93\" src=\"https:\/\/kant1photos.fr\/wp-content\/uploads\/2024\/08\/photoshop-2-1367x2048-1-684x1024.png\" alt=\"\" class=\"wp-image-93\" srcset=\"https:\/\/kant1photos.fr\/wp-content\/uploads\/2024\/08\/photoshop-2-1367x2048-1-684x1024.png 684w, https:\/\/kant1photos.fr\/wp-content\/uploads\/2024\/08\/photoshop-2-1367x2048-1-200x300.png 200w, https:\/\/kant1photos.fr\/wp-content\/uploads\/2024\/08\/photoshop-2-1367x2048-1-768x1151.png 768w, https:\/\/kant1photos.fr\/wp-content\/uploads\/2024\/08\/photoshop-2-1367x2048-1-1025x1536.png 1025w, https:\/\/kant1photos.fr\/wp-content\/uploads\/2024\/08\/photoshop-2-1367x2048-1.png 1367w\" sizes=\"(max-width: 684px) 100vw, 684px\" \/><\/figure>\n\n\n\n<figure class=\"wp-block-image size-large\"><img loading=\"lazy\" decoding=\"async\" width=\"683\" height=\"1024\" data-id=\"77\" src=\"https:\/\/kant1photos.fr\/wp-content\/uploads\/2024\/08\/NIK9183-35-1-683x1024.jpg\" alt=\"\" class=\"wp-image-77\" srcset=\"https:\/\/kant1photos.fr\/wp-content\/uploads\/2024\/08\/NIK9183-35-1-683x1024.jpg 683w, https:\/\/kant1photos.fr\/wp-content\/uploads\/2024\/08\/NIK9183-35-1-200x300.jpg 200w, https:\/\/kant1photos.fr\/wp-content\/uploads\/2024\/08\/NIK9183-35-1-768x1151.jpg 768w, https:\/\/kant1photos.fr\/wp-content\/uploads\/2024\/08\/NIK9183-35-1-1025x1536.jpg 1025w, https:\/\/kant1photos.fr\/wp-content\/uploads\/2024\/08\/NIK9183-35-1-1367x2048.jpg 1367w, https:\/\/kant1photos.fr\/wp-content\/uploads\/2024\/08\/NIK9183-35-1-scaled.jpg 1709w\" sizes=\"(max-width: 683px) 100vw, 683px\" \/><\/figure>\n\n\n\n<figure class=\"wp-block-image size-large\"><img loading=\"lazy\" decoding=\"async\" width=\"683\" height=\"1024\" data-id=\"74\" src=\"https:\/\/kant1photos.fr\/wp-content\/uploads\/2024\/08\/NIK9126-10-1-683x1024.jpg\" alt=\"\" class=\"wp-image-74\" srcset=\"https:\/\/kant1photos.fr\/wp-content\/uploads\/2024\/08\/NIK9126-10-1-683x1024.jpg 683w, https:\/\/kant1photos.fr\/wp-content\/uploads\/2024\/08\/NIK9126-10-1-200x300.jpg 200w, https:\/\/kant1photos.fr\/wp-content\/uploads\/2024\/08\/NIK9126-10-1-768x1151.jpg 768w, https:\/\/kant1photos.fr\/wp-content\/uploads\/2024\/08\/NIK9126-10-1-1025x1536.jpg 1025w, https:\/\/kant1photos.fr\/wp-content\/uploads\/2024\/08\/NIK9126-10-1-1367x2048.jpg 1367w, https:\/\/kant1photos.fr\/wp-content\/uploads\/2024\/08\/NIK9126-10-1-scaled.jpg 1709w\" sizes=\"(max-width: 683px) 100vw, 683px\" \/><\/figure>\n\n\n\n<figure class=\"wp-block-image size-large\"><img loading=\"lazy\" decoding=\"async\" width=\"683\" height=\"1024\" data-id=\"104\" src=\"https:\/\/kant1photos.fr\/wp-content\/uploads\/2024\/08\/NIK9123-8-1025x1536-1-683x1024.jpg\" alt=\"\" class=\"wp-image-104\" srcset=\"https:\/\/kant1photos.fr\/wp-content\/uploads\/2024\/08\/NIK9123-8-1025x1536-1-683x1024.jpg 683w, https:\/\/kant1photos.fr\/wp-content\/uploads\/2024\/08\/NIK9123-8-1025x1536-1-200x300.jpg 200w, https:\/\/kant1photos.fr\/wp-content\/uploads\/2024\/08\/NIK9123-8-1025x1536-1-768x1151.jpg 768w, https:\/\/kant1photos.fr\/wp-content\/uploads\/2024\/08\/NIK9123-8-1025x1536-1.jpg 1025w\" sizes=\"(max-width: 683px) 100vw, 683px\" \/><\/figure>\n\n\n\n<figure class=\"wp-block-image size-large\"><img loading=\"lazy\" decoding=\"async\" width=\"683\" height=\"1024\" data-id=\"106\" src=\"https:\/\/kant1photos.fr\/wp-content\/uploads\/2024\/08\/NIK9143-17-1025x1536-1-683x1024.jpg\" alt=\"\" class=\"wp-image-106\" srcset=\"https:\/\/kant1photos.fr\/wp-content\/uploads\/2024\/08\/NIK9143-17-1025x1536-1-683x1024.jpg 683w, https:\/\/kant1photos.fr\/wp-content\/uploads\/2024\/08\/NIK9143-17-1025x1536-1-200x300.jpg 200w, https:\/\/kant1photos.fr\/wp-content\/uploads\/2024\/08\/NIK9143-17-1025x1536-1-768x1151.jpg 768w, https:\/\/kant1photos.fr\/wp-content\/uploads\/2024\/08\/NIK9143-17-1025x1536-1.jpg 1025w\" sizes=\"(max-width: 683px) 100vw, 683px\" \/><\/figure>\n<\/figure>\n\n\n\n<h2 class=\"wp-block-heading\">@P_Y3.14 Et sa CBR1000RR ch\u00e9ri<\/h2>\n\n\n\n<figure class=\"wp-block-gallery has-nested-images columns-default is-cropped wp-block-gallery-4 is-layout-flex wp-block-gallery-is-layout-flex\">\n<figure class=\"wp-block-image size-large\"><img loading=\"lazy\" decoding=\"async\" width=\"681\" height=\"1024\" data-id=\"124\" src=\"https:\/\/kant1photos.fr\/wp-content\/uploads\/2024\/08\/DSC3636-681x1024.jpg\" alt=\"\" class=\"wp-image-124\" srcset=\"https:\/\/kant1photos.fr\/wp-content\/uploads\/2024\/08\/DSC3636-681x1024.jpg 681w, https:\/\/kant1photos.fr\/wp-content\/uploads\/2024\/08\/DSC3636-200x300.jpg 200w, https:\/\/kant1photos.fr\/wp-content\/uploads\/2024\/08\/DSC3636-768x1154.jpg 768w, https:\/\/kant1photos.fr\/wp-content\/uploads\/2024\/08\/DSC3636-1022x1536.jpg 1022w, https:\/\/kant1photos.fr\/wp-content\/uploads\/2024\/08\/DSC3636-1363x2048.jpg 1363w, https:\/\/kant1photos.fr\/wp-content\/uploads\/2024\/08\/DSC3636-scaled.jpg 1703w\" sizes=\"(max-width: 681px) 100vw, 681px\" \/><\/figure>\n\n\n\n<figure class=\"wp-block-image size-large\"><img loading=\"lazy\" decoding=\"async\" width=\"681\" height=\"1024\" data-id=\"123\" src=\"https:\/\/kant1photos.fr\/wp-content\/uploads\/2024\/08\/DSC3525-1-681x1024.jpg\" alt=\"\" class=\"wp-image-123\" srcset=\"https:\/\/kant1photos.fr\/wp-content\/uploads\/2024\/08\/DSC3525-1-681x1024.jpg 681w, https:\/\/kant1photos.fr\/wp-content\/uploads\/2024\/08\/DSC3525-1-200x300.jpg 200w, https:\/\/kant1photos.fr\/wp-content\/uploads\/2024\/08\/DSC3525-1-768x1154.jpg 768w, https:\/\/kant1photos.fr\/wp-content\/uploads\/2024\/08\/DSC3525-1-1022x1536.jpg 1022w, https:\/\/kant1photos.fr\/wp-content\/uploads\/2024\/08\/DSC3525-1-1363x2048.jpg 1363w, https:\/\/kant1photos.fr\/wp-content\/uploads\/2024\/08\/DSC3525-1-scaled.jpg 1703w\" sizes=\"(max-width: 681px) 100vw, 681px\" \/><\/figure>\n\n\n\n<figure class=\"wp-block-image size-large\"><img loading=\"lazy\" decoding=\"async\" width=\"681\" height=\"1024\" data-id=\"122\" src=\"https:\/\/kant1photos.fr\/wp-content\/uploads\/2024\/08\/DSC3597-681x1024.jpg\" alt=\"\" class=\"wp-image-122\" srcset=\"https:\/\/kant1photos.fr\/wp-content\/uploads\/2024\/08\/DSC3597-681x1024.jpg 681w, https:\/\/kant1photos.fr\/wp-content\/uploads\/2024\/08\/DSC3597-200x300.jpg 200w, https:\/\/kant1photos.fr\/wp-content\/uploads\/2024\/08\/DSC3597-768x1154.jpg 768w, https:\/\/kant1photos.fr\/wp-content\/uploads\/2024\/08\/DSC3597-1022x1536.jpg 1022w, https:\/\/kant1photos.fr\/wp-content\/uploads\/2024\/08\/DSC3597-1363x2048.jpg 1363w, https:\/\/kant1photos.fr\/wp-content\/uploads\/2024\/08\/DSC3597-scaled.jpg 1703w\" sizes=\"(max-width: 681px) 100vw, 681px\" \/><\/figure>\n\n\n\n<figure class=\"wp-block-image size-large\"><img loading=\"lazy\" decoding=\"async\" width=\"1024\" height=\"681\" data-id=\"125\" src=\"https:\/\/kant1photos.fr\/wp-content\/uploads\/2024\/08\/DSC3616-1-1024x681.jpg\" alt=\"\" class=\"wp-image-125\" srcset=\"https:\/\/kant1photos.fr\/wp-content\/uploads\/2024\/08\/DSC3616-1-1024x681.jpg 1024w, https:\/\/kant1photos.fr\/wp-content\/uploads\/2024\/08\/DSC3616-1-300x200.jpg 300w, https:\/\/kant1photos.fr\/wp-content\/uploads\/2024\/08\/DSC3616-1-768x511.jpg 768w, https:\/\/kant1photos.fr\/wp-content\/uploads\/2024\/08\/DSC3616-1-1536x1022.jpg 1536w, https:\/\/kant1photos.fr\/wp-content\/uploads\/2024\/08\/DSC3616-1-2048x1363.jpg 2048w\" sizes=\"(max-width: 1024px) 100vw, 1024px\" \/><\/figure>\n<\/figure>\n\n\n\n<h2 class=\"wp-block-heading\">@marine260899 et sa MT des enfers !<\/h2>\n\n\n\n<figure class=\"wp-block-gallery has-nested-images columns-default is-cropped wp-block-gallery-5 is-layout-flex wp-block-gallery-is-layout-flex\">\n<figure class=\"wp-block-image size-large\"><img loading=\"lazy\" decoding=\"async\" width=\"681\" height=\"1024\" data-id=\"133\" src=\"https:\/\/kant1photos.fr\/wp-content\/uploads\/2024\/08\/NIK6134-681x1024.jpg\" alt=\"\" class=\"wp-image-133\" srcset=\"https:\/\/kant1photos.fr\/wp-content\/uploads\/2024\/08\/NIK6134-681x1024.jpg 681w, https:\/\/kant1photos.fr\/wp-content\/uploads\/2024\/08\/NIK6134-200x300.jpg 200w, https:\/\/kant1photos.fr\/wp-content\/uploads\/2024\/08\/NIK6134-768x1154.jpg 768w, https:\/\/kant1photos.fr\/wp-content\/uploads\/2024\/08\/NIK6134-1022x1536.jpg 1022w, https:\/\/kant1photos.fr\/wp-content\/uploads\/2024\/08\/NIK6134-1363x2048.jpg 1363w, https:\/\/kant1photos.fr\/wp-content\/uploads\/2024\/08\/NIK6134-scaled.jpg 1703w\" sizes=\"(max-width: 681px) 100vw, 681px\" \/><\/figure>\n\n\n\n<figure class=\"wp-block-image size-large\"><img loading=\"lazy\" decoding=\"async\" width=\"683\" height=\"1024\" data-id=\"134\" src=\"https:\/\/kant1photos.fr\/wp-content\/uploads\/2024\/08\/NIK1931-1-683x1024.jpg\" alt=\"\" class=\"wp-image-134\" srcset=\"https:\/\/kant1photos.fr\/wp-content\/uploads\/2024\/08\/NIK1931-1-683x1024.jpg 683w, https:\/\/kant1photos.fr\/wp-content\/uploads\/2024\/08\/NIK1931-1-200x300.jpg 200w, https:\/\/kant1photos.fr\/wp-content\/uploads\/2024\/08\/NIK1931-1-768x1151.jpg 768w, https:\/\/kant1photos.fr\/wp-content\/uploads\/2024\/08\/NIK1931-1-1025x1536.jpg 1025w, https:\/\/kant1photos.fr\/wp-content\/uploads\/2024\/08\/NIK1931-1-scaled.jpg 1709w\" sizes=\"(max-width: 683px) 100vw, 683px\" \/><\/figure>\n\n\n\n<figure class=\"wp-block-image size-large\"><img loading=\"lazy\" decoding=\"async\" width=\"679\" height=\"1024\" data-id=\"135\" src=\"https:\/\/kant1photos.fr\/wp-content\/uploads\/2024\/08\/NIK6182-679x1024.jpg\" alt=\"\" class=\"wp-image-135\" srcset=\"https:\/\/kant1photos.fr\/wp-content\/uploads\/2024\/08\/NIK6182-679x1024.jpg 679w, https:\/\/kant1photos.fr\/wp-content\/uploads\/2024\/08\/NIK6182-199x300.jpg 199w, https:\/\/kant1photos.fr\/wp-content\/uploads\/2024\/08\/NIK6182-768x1158.jpg 768w, https:\/\/kant1photos.fr\/wp-content\/uploads\/2024\/08\/NIK6182-1018x1536.jpg 1018w, https:\/\/kant1photos.fr\/wp-content\/uploads\/2024\/08\/NIK6182-1358x2048.jpg 1358w, https:\/\/kant1photos.fr\/wp-content\/uploads\/2024\/08\/NIK6182-scaled.jpg 1697w\" sizes=\"(max-width: 679px) 100vw, 679px\" \/><\/figure>\n\n\n\n<figure class=\"wp-block-image size-large\"><img loading=\"lazy\" decoding=\"async\" width=\"1024\" height=\"683\" data-id=\"136\" src=\"https:\/\/kant1photos.fr\/wp-content\/uploads\/2024\/08\/NIK1934-1024x683.jpg\" alt=\"\" class=\"wp-image-136\" srcset=\"https:\/\/kant1photos.fr\/wp-content\/uploads\/2024\/08\/NIK1934-1024x683.jpg 1024w, https:\/\/kant1photos.fr\/wp-content\/uploads\/2024\/08\/NIK1934-300x200.jpg 300w, https:\/\/kant1photos.fr\/wp-content\/uploads\/2024\/08\/NIK1934-768x513.jpg 768w, https:\/\/kant1photos.fr\/wp-content\/uploads\/2024\/08\/NIK1934-1536x1025.jpg 1536w\" sizes=\"(max-width: 1024px) 100vw, 1024px\" \/><\/figure>\n<\/figure>\n\n\n\n<p><\/p>\n","protected":false},"excerpt":{"rendered":"<p>Vous trouverez ici, un p\u00e8le-m\u00eale de mes clich\u00e9s. @mt_flo59 et sa MT09 SP @miss_skybike et sa R7 2024 @noe_428d le d\u00e9but d&rsquo;une histoire @P_Y3.14 Et sa CBR1000RR ch\u00e9ri @marine260899 et sa MT des enfers !<\/p>\n","protected":false},"author":2,"featured_media":0,"parent":0,"menu_order":0,"comment_status":"closed","ping_status":"closed","template":"","meta":{"footnotes":""},"class_list":["post-26","page","type-page","status-publish","hentry"],"_links":{"self":[{"href":"https:\/\/kant1photos.fr\/index.php\/wp-json\/wp\/v2\/pages\/26","targetHints":{"allow":["GET"]}}],"collection":[{"href":"https:\/\/kant1photos.fr\/index.php\/wp-json\/wp\/v2\/pages"}],"about":[{"href":"https:\/\/kant1photos.fr\/index.php\/wp-json\/wp\/v2\/types\/page"}],"author":[{"embeddable":true,"href":"https:\/\/kant1photos.fr\/index.php\/wp-json\/wp\/v2\/users\/2"}],"replies":[{"embeddable":true,"href":"https:\/\/kant1photos.fr\/index.php\/wp-json\/wp\/v2\/comments?post=26"}],"version-history":[{"count":5,"href":"https:\/\/kant1photos.fr\/index.php\/wp-json\/wp\/v2\/pages\/26\/revisions"}],"predecessor-version":[{"id":137,"href":"https:\/\/kant1photos.fr\/index.php\/wp-json\/wp\/v2\/pages\/26\/revisions\/137"}],"wp:attachment":[{"href":"https:\/\/kant1photos.fr\/index.php\/wp-json\/wp\/v2\/media?parent=26"}],"curies":[{"name":"wp","href":"https:\/\/api.w.org\/{rel}","templated":true}]}}