{"id":53,"date":"2024-08-10T19:38:27","date_gmt":"2024-08-10T17:38:27","guid":{"rendered":"http:\/\/localhost\/wordpress\/?page_id=53"},"modified":"2024-08-10T22:09:28","modified_gmt":"2024-08-10T20:09:28","slug":"mentions-legales","status":"publish","type":"page","link":"https:\/\/kant1photos.fr\/index.php\/mentions-legales\/","title":{"rendered":"Mentions l\u00e9gales"},"content":{"rendered":"\n<h2 class=\"wp-block-heading\">Identit\u00e9<\/h2>\n\n\n\n<p><strong>Nom du site web:<\/strong> Quentin Hecfeuille<br><strong>Adresse:<\/strong> <a href=\"https:\/\/kant1photos.fr\/\">https:\/\/kant1photos.fr\/<\/a><br><strong>Propri\u00e9taire:<\/strong> Quentin Hecfeuille<br><strong>Responsable de publication:<\/strong> Quentin Hecfeuille<br><strong>Conception et r\u00e9alisation:<\/strong> Quentin Hecfeuille &#8211; WordPress<\/p>\n\n\n\n<h2 class=\"wp-block-heading\">H\u00e9bergement<\/h2>\n\n\n\n<p><strong>H\u00e9bergeur:<\/strong> SAS OVH<br><strong>Adresse:<\/strong> 2 RUE KELLERMANN 59100 ROUBAIX, RCS Lille M\u00e9tropole, 424 761 419 00045<br><strong>T\u00e9l\u00e9phone:<\/strong> +33 1007<\/p>\n\n\n\n<h2 class=\"wp-block-heading\">Information<\/h2>\n\n\n\n<p>Les informations et documents du site sont pr\u00e9sent\u00e9s \u00e0 titre indicatif, ne rev\u00eatent pas un caract\u00e8re exhaustif, et ne peuvent engager la responsabilit\u00e9 du propri\u00e9taire du site. Le propri\u00e9taire du site ne peut \u00eatre tenu responsable des dommages directs et indirects cons\u00e9cutifs \u00e0 l\u2019acc\u00e8s au site.<\/p>\n\n\n\n<h2 class=\"wp-block-heading\">Interactivit\u00e9<\/h2>\n\n\n\n<p>Les utilisateurs du site peuvent \u00e9ventuellement y d\u00e9poser du contenu, apparaissant sur le site dans des espaces d\u00e9di\u00e9s (notamment via les commentaires). Le contenu d\u00e9pos\u00e9 reste sous la responsabilit\u00e9 de leurs auteurs, qui en assument pleinement l\u2019enti\u00e8re responsabilit\u00e9 juridique. Le propri\u00e9taire du site se r\u00e9serve le droit de retirer sans pr\u00e9avis et sans justification tout contenu d\u00e9pos\u00e9 par les utilisateurs qui ne satisferait pas \u00e0 la charte d\u00e9ontologique du site ou \u00e0 la l\u00e9gislation en vigueur.<\/p>\n\n\n\n<h2 class=\"wp-block-heading\">Propri\u00e9t\u00e9 intellectuelle <\/h2>\n\n\n\n<p>Sauf mention contraire, tous les \u00e9l\u00e9ments accessibles sur le site (textes, images, graphismes, logo, ic\u00f4nes, sons, logiciels, etc.) restent la propri\u00e9t\u00e9 exclusive de leurs auteurs, en ce qui concerne les droits de propri\u00e9t\u00e9 intellectuelle ou les droits d\u2019usage. <strong><mark style=\"background-color:rgba(0, 0, 0, 0)\" class=\"has-inline-color has-accent-3-color\">Toute reproduction, repr\u00e9sentation, modification, publication, adaptation de tout ou partie des \u00e9l\u00e9ments du site, quel que soit le moyen ou le proc\u00e9d\u00e9 utilis\u00e9, est interdite, sauf autorisation \u00e9crite pr\u00e9alable de l\u2019auteur.<\/mark><\/strong> Toute exploitation non autoris\u00e9e du site ou de l\u2019un quelconque des \u00e9l\u00e9ments qu\u2019il contient est consid\u00e9r\u00e9e comme constitutive d\u2019une contrefa\u00e7on et peut \u00eatre poursuivie en justice. Les marques et logos reproduits sur le site sont d\u00e9pos\u00e9s par les soci\u00e9t\u00e9s qui en sont propri\u00e9taires.<\/p>\n\n\n\n<h2 class=\"wp-block-heading\">Liens<\/h2>\n\n\n\n<p><strong>A &#8211; Liens sortants<\/strong><\/p>\n\n\n\n<p>Le propri\u00e9taire du site d\u00e9cline toute responsabilit\u00e9 et n\u2019est pas engag\u00e9 par le r\u00e9f\u00e9rencement via des liens hypertextes, de ressources tierces pr\u00e9sentes sur le r\u00e9seau Internet, tant en ce qui concerne leur contenu que leur pertinence.<\/p>\n\n\n\n<p><strong>B &#8211; Liens entrants<\/strong><\/p>\n\n\n\n<p>Le propri\u00e9taire du site autorise les liens hypertextes vers l\u2019une des pages de ce site, \u00e0 condition que ceux-ci ouvrent une nouvelle fen\u00eatre et soient pr\u00e9sent\u00e9s de mani\u00e8re non \u00e9quivoque afin d\u2019\u00e9viter tout risque de confusion entre le site citant et le propri\u00e9taire du site ainsi que toute pr\u00e9sentation tendancieuse, ou contraire aux lois en vigueur. Le propri\u00e9taire du site se r\u00e9serve le droit de demander la suppression d\u2019un lien s\u2019il estime que le site source ne respecte pas les r\u00e8gles ainsi d\u00e9finies.<\/p>\n","protected":false},"excerpt":{"rendered":"<p>Identit\u00e9 Nom du site web: Quentin HecfeuilleAdresse: https:\/\/kant1photos.fr\/Propri\u00e9taire: Quentin HecfeuilleResponsable de publication: Quentin HecfeuilleConception et r\u00e9alisation: Quentin Hecfeuille &#8211; WordPress H\u00e9bergement H\u00e9bergeur: SAS OVHAdresse: 2 RUE KELLERMANN 59100 ROUBAIX, RCS Lille M\u00e9tropole, 424 761 419 00045T\u00e9l\u00e9phone: +33 1007 Information Les informations et documents du site sont pr\u00e9sent\u00e9s \u00e0 titre indicatif, ne rev\u00eatent pas un caract\u00e8re [&hellip;]<\/p>\n","protected":false},"author":2,"featured_media":0,"parent":0,"menu_order":0,"comment_status":"closed","ping_status":"closed","template":"","meta":{"footnotes":""},"class_list":["post-53","page","type-page","status-publish","hentry"],"_links":{"self":[{"href":"https:\/\/kant1photos.fr\/index.php\/wp-json\/wp\/v2\/pages\/53","targetHints":{"allow":["GET"]}}],"collection":[{"href":"https:\/\/kant1photos.fr\/index.php\/wp-json\/wp\/v2\/pages"}],"about":[{"href":"https:\/\/kant1photos.fr\/index.php\/wp-json\/wp\/v2\/types\/page"}],"author":[{"embeddable":true,"href":"https:\/\/kant1photos.fr\/index.php\/wp-json\/wp\/v2\/users\/2"}],"replies":[{"embeddable":true,"href":"https:\/\/kant1photos.fr\/index.php\/wp-json\/wp\/v2\/comments?post=53"}],"version-history":[{"count":1,"href":"https:\/\/kant1photos.fr\/index.php\/wp-json\/wp\/v2\/pages\/53\/revisions"}],"predecessor-version":[{"id":73,"href":"https:\/\/kant1photos.fr\/index.php\/wp-json\/wp\/v2\/pages\/53\/revisions\/73"}],"wp:attachment":[{"href":"https:\/\/kant1photos.fr\/index.php\/wp-json\/wp\/v2\/media?parent=53"}],"curies":[{"name":"wp","href":"https:\/\/api.w.org\/{rel}","templated":true}]}}